{"id":768,"date":"2020-04-09T12:49:16","date_gmt":"2020-04-09T09:49:16","guid":{"rendered":"http:\/\/metinbasaranoglu.net\/?page_id=768"},"modified":"2020-06-21T10:29:36","modified_gmt":"2020-06-21T07:29:36","slug":"covid-19","status":"publish","type":"page","link":"https:\/\/metinbasaranoglu.net\/en\/covid-19\/","title":{"rendered":"Covid-19"},"content":{"rendered":"\n<p class=\"has-text-align-center\"><strong><span class=\"has-inline-color has-very-dark-gray-color\">Corona vir\u00fcs ba\u011f\u0131rsaklar\u0131da tutuyor.<\/span><\/strong><\/p>\n\n\n\n<figure class=\"wp-block-embed-youtube wp-block-embed is-type-video is-provider-youtube wp-embed-aspect-16-9 wp-has-aspect-ratio\"><div class=\"wp-block-embed__wrapper\">\n<iframe loading=\"lazy\" title=\"Corona vir\u00fcs ba\u011f\u0131rsaklar\u0131da tutuyor.\" width=\"640\" height=\"360\" src=\"https:\/\/www.youtube.com\/embed\/lX5HyJSLt9k?feature=oembed\" frameborder=\"0\" allow=\"accelerometer; autoplay; clipboard-write; encrypted-media; gyroscope; picture-in-picture; web-share\" referrerpolicy=\"strict-origin-when-cross-origin\" allowfullscreen><\/iframe>\n<\/div><\/figure>\n\n\n\n<p class=\"has-text-align-center\"><strong><span class=\"has-inline-color has-very-dark-gray-color\">D Vitamini Covid-19 riskini azalt\u0131yor mu?<\/span><\/strong><\/p>\n\n\n\n<figure class=\"wp-block-embed-youtube wp-block-embed is-type-video is-provider-youtube wp-embed-aspect-16-9 wp-has-aspect-ratio\"><div class=\"wp-block-embed__wrapper\">\n<iframe loading=\"lazy\" title=\"D Vitamini Covid-19 riskini azalt\u0131yor mu?\" width=\"640\" height=\"360\" src=\"https:\/\/www.youtube.com\/embed\/INLbDWXYfTQ?feature=oembed\" frameborder=\"0\" allow=\"accelerometer; autoplay; clipboard-write; encrypted-media; gyroscope; picture-in-picture; web-share\" referrerpolicy=\"strict-origin-when-cross-origin\" allowfullscreen><\/iframe>\n<\/div><\/figure>\n\n\n\n<p class=\"has-text-align-center\"><strong><span class=\"has-inline-color has-very-dark-gray-color\">COV\u0130D-19 G\u00fcnlerinde endoskopi i\u015flemleri nas\u0131l olmal\u0131 ?<\/span><\/strong><\/p>\n\n\n\n<figure class=\"wp-block-embed-youtube aligncenter wp-block-embed is-type-video is-provider-youtube wp-embed-aspect-16-9 wp-has-aspect-ratio\"><div class=\"wp-block-embed__wrapper\">\n<iframe loading=\"lazy\" title=\"Covid-19 G\u00fcnlerinde Endoskopi \u0130\u015flemleri Nas\u0131l Olmal\u0131?\" width=\"640\" height=\"360\" src=\"https:\/\/www.youtube.com\/embed\/hH6N-YXTokM?feature=oembed\" frameborder=\"0\" allow=\"accelerometer; autoplay; clipboard-write; encrypted-media; gyroscope; picture-in-picture; web-share\" referrerpolicy=\"strict-origin-when-cross-origin\" allowfullscreen><\/iframe>\n<\/div><\/figure>\n\n\n\n<figure class=\"wp-block-embed-youtube aligncenter wp-block-embed is-type-video is-provider-youtube wp-embed-aspect-16-9 wp-has-aspect-ratio\"><div class=\"wp-block-embed__wrapper\">\n<iframe loading=\"lazy\" title=\"Covid-19 Ba\u011f\u0131rsaklar\u0131 da etkiliyor.\" width=\"640\" height=\"360\" src=\"https:\/\/www.youtube.com\/embed\/FS--UM0YdAc?feature=oembed\" frameborder=\"0\" allow=\"accelerometer; autoplay; clipboard-write; encrypted-media; gyroscope; picture-in-picture; web-share\" referrerpolicy=\"strict-origin-when-cross-origin\" allowfullscreen><\/iframe>\n<\/div><figcaption>06.05.2020<\/figcaption><\/figure>\n\n\n\n<figure class=\"wp-block-embed-youtube aligncenter wp-block-embed is-type-video is-provider-youtube wp-embed-aspect-16-9 wp-has-aspect-ratio\"><div class=\"wp-block-embed__wrapper\">\n<iframe loading=\"lazy\" title=\"\u00d6ZEL YAYIN: Koronavir\u00fcs s\u00fcrecinde d\u00fcnyada neler ya\u015fan\u0131yor? Prof.Dr.Metin Ba\u015farano\u011flu konu\u011fumuz oldu.\" width=\"640\" height=\"360\" src=\"https:\/\/www.youtube.com\/embed\/qOuKdrsVpsM?feature=oembed\" frameborder=\"0\" allow=\"accelerometer; autoplay; clipboard-write; encrypted-media; gyroscope; picture-in-picture; web-share\" referrerpolicy=\"strict-origin-when-cross-origin\" allowfullscreen><\/iframe>\n<\/div><\/figure>\n\n\n\n<figure class=\"wp-block-image size-large\"><a href=\"https:\/\/www.hurriyet.com.tr\/amp\/mahmure\/prebiyotik-mi-probiyotik-mi-41544843\" target=\"_blank\" rel=\"noopener noreferrer\"><img loading=\"lazy\" decoding=\"async\" width=\"1024\" height=\"567\" src=\"http:\/\/metinbasaranoglu.net\/wp-content\/uploads\/2020\/06\/Resim2-1024x567.png\" alt=\"\" class=\"wp-image-844\" srcset=\"https:\/\/metinbasaranoglu.net\/wp-content\/uploads\/2020\/06\/Resim2-1024x567.png 1024w, https:\/\/metinbasaranoglu.net\/wp-content\/uploads\/2020\/06\/Resim2-300x166.png 300w, https:\/\/metinbasaranoglu.net\/wp-content\/uploads\/2020\/06\/Resim2-768x425.png 768w, https:\/\/metinbasaranoglu.net\/wp-content\/uploads\/2020\/06\/Resim2.png 1536w\" sizes=\"(max-width: 1024px) 100vw, 1024px\" \/><\/a><\/figure>\n\n\n\n<figure class=\"wp-block-image size-large\"><a href=\"https:\/\/www.hurriyet.com.tr\/aile\/ebeveyn\/saglik\/covid-19-hastalarinda-mide-gribi-sikayetleri-goruluyor-41543850\" target=\"_blank\" rel=\"noopener noreferrer\"><img loading=\"lazy\" decoding=\"async\" width=\"1024\" height=\"518\" src=\"http:\/\/metinbasaranoglu.net\/wp-content\/uploads\/2020\/06\/Resim1-1024x518.png\" alt=\"\" class=\"wp-image-840\" srcset=\"https:\/\/metinbasaranoglu.net\/wp-content\/uploads\/2020\/06\/Resim1-1024x518.png 1024w, https:\/\/metinbasaranoglu.net\/wp-content\/uploads\/2020\/06\/Resim1-300x152.png 300w, https:\/\/metinbasaranoglu.net\/wp-content\/uploads\/2020\/06\/Resim1-768x389.png 768w, https:\/\/metinbasaranoglu.net\/wp-content\/uploads\/2020\/06\/Resim1-1536x777.png 1536w, https:\/\/metinbasaranoglu.net\/wp-content\/uploads\/2020\/06\/Resim1.png 1571w\" sizes=\"(max-width: 1024px) 100vw, 1024px\" \/><\/a><\/figure>\n\n\n\n<div class=\"wp-block-image\"><figure class=\"aligncenter size-large\"><a href=\"https:\/\/mobile.tgrthaber.com.tr\/saglik\/koronaviruste-yeni-bulasma-yolu-2711029\"><img loading=\"lazy\" decoding=\"async\" width=\"1024\" height=\"709\" src=\"http:\/\/metinbasaranoglu.net\/wp-content\/uploads\/2020\/05\/Gastroenteroloji-Uzman\u0131-Prof-1024x709.jpg\" alt=\"\" class=\"wp-image-811\" srcset=\"https:\/\/metinbasaranoglu.net\/wp-content\/uploads\/2020\/05\/Gastroenteroloji-Uzman\u0131-Prof-1024x709.jpg 1024w, https:\/\/metinbasaranoglu.net\/wp-content\/uploads\/2020\/05\/Gastroenteroloji-Uzman\u0131-Prof-300x208.jpg 300w, https:\/\/metinbasaranoglu.net\/wp-content\/uploads\/2020\/05\/Gastroenteroloji-Uzman\u0131-Prof-768x532.jpg 768w, https:\/\/metinbasaranoglu.net\/wp-content\/uploads\/2020\/05\/Gastroenteroloji-Uzman\u0131-Prof-1536x1063.jpg 1536w, https:\/\/metinbasaranoglu.net\/wp-content\/uploads\/2020\/05\/Gastroenteroloji-Uzman\u0131-Prof.jpg 1654w\" sizes=\"(max-width: 1024px) 100vw, 1024px\" \/><\/a><\/figure><\/div>\n\n\n\n<div class=\"wp-block-image\"><figure class=\"aligncenter size-large\"><a href=\"https:\/\/www.haberturk.com\/koronavirus-sindirim-sistemini-de-etkiliyor-2675872\"><img loading=\"lazy\" decoding=\"async\" width=\"1024\" height=\"655\" src=\"http:\/\/metinbasaranoglu.net\/wp-content\/uploads\/2020\/05\/haber-t\u00fcrk-1024x655.png\" alt=\"\" class=\"wp-image-810\" srcset=\"https:\/\/metinbasaranoglu.net\/wp-content\/uploads\/2020\/05\/haber-t\u00fcrk-1024x655.png 1024w, https:\/\/metinbasaranoglu.net\/wp-content\/uploads\/2020\/05\/haber-t\u00fcrk-300x192.png 300w, https:\/\/metinbasaranoglu.net\/wp-content\/uploads\/2020\/05\/haber-t\u00fcrk-768x492.png 768w, https:\/\/metinbasaranoglu.net\/wp-content\/uploads\/2020\/05\/haber-t\u00fcrk-1536x983.png 1536w, https:\/\/metinbasaranoglu.net\/wp-content\/uploads\/2020\/05\/haber-t\u00fcrk.png 1625w\" sizes=\"(max-width: 1024px) 100vw, 1024px\" \/><\/a><\/figure><\/div>\n\n\n\n<figure class=\"wp-block-gallery columns-0 is-cropped wp-block-gallery-1 is-layout-flex wp-block-gallery-is-layout-flex\"><ul class=\"blocks-gallery-grid\"><\/ul><\/figure>\n\n\n\n<figure class=\"wp-block-image\"><a href=\"https:\/\/www.turkiyegazetesi.com.tr\/saglik\/703448.aspx\"><img loading=\"lazy\" decoding=\"async\" width=\"1024\" height=\"797\" src=\"http:\/\/metinbasaranoglu.net\/wp-content\/uploads\/2020\/05\/t\u00fcrkiye-1024x797.png\" alt=\"\" class=\"wp-image-813\" srcset=\"https:\/\/metinbasaranoglu.net\/wp-content\/uploads\/2020\/05\/t\u00fcrkiye-1024x797.png 1024w, https:\/\/metinbasaranoglu.net\/wp-content\/uploads\/2020\/05\/t\u00fcrkiye-300x233.png 300w, https:\/\/metinbasaranoglu.net\/wp-content\/uploads\/2020\/05\/t\u00fcrkiye-768x598.png 768w, https:\/\/metinbasaranoglu.net\/wp-content\/uploads\/2020\/05\/t\u00fcrkiye.png 1231w\" sizes=\"(max-width: 1024px) 100vw, 1024px\" \/><\/a><\/figure>\n\n\n\n<div class=\"wp-block-image\"><figure class=\"aligncenter size-large\"><\/figure><\/div>\n\n\n\n<div class=\"wp-block-image\"><figure class=\"aligncenter size-large\"><a href=\"https:\/\/www.formsante.com.tr\/koronavirusu-singapurdan-ingiltere-ve-fransaya-tasidi-super-tasiyici-kimdi\/\"><img loading=\"lazy\" decoding=\"async\" width=\"1024\" height=\"576\" src=\"http:\/\/metinbasaranoglu.net\/wp-content\/uploads\/2020\/04\/Resim1-1024x576.png\" alt=\"\" class=\"wp-image-771\" srcset=\"https:\/\/metinbasaranoglu.net\/wp-content\/uploads\/2020\/04\/Resim1-1024x576.png 1024w, https:\/\/metinbasaranoglu.net\/wp-content\/uploads\/2020\/04\/Resim1-300x169.png 300w, https:\/\/metinbasaranoglu.net\/wp-content\/uploads\/2020\/04\/Resim1-768x432.png 768w, https:\/\/metinbasaranoglu.net\/wp-content\/uploads\/2020\/04\/Resim1-1536x864.png 1536w, https:\/\/metinbasaranoglu.net\/wp-content\/uploads\/2020\/04\/Resim1.png 2000w\" sizes=\"(max-width: 1024px) 100vw, 1024px\" \/><\/a><\/figure><\/div>\n\n\n\n<figure class=\"wp-block-gallery columns-1 is-cropped wp-block-gallery-2 is-layout-flex wp-block-gallery-is-layout-flex\"><ul class=\"blocks-gallery-grid\"><li class=\"blocks-gallery-item\"><figure><img loading=\"lazy\" decoding=\"async\" width=\"735\" height=\"1024\" src=\"http:\/\/metinbasaranoglu.net\/wp-content\/uploads\/2020\/04\/PHOTO-2020-04-09-12-13-55-735x1024.jpg\" alt=\"\" data-id=\"773\" data-full-url=\"http:\/\/metinbasaranoglu.net\/wp-content\/uploads\/2020\/04\/PHOTO-2020-04-09-12-13-55.jpg\" data-link=\"http:\/\/metinbasaranoglu.net\/covid-19\/photo-2020-04-09-12-13-55\/\" class=\"wp-image-773\" srcset=\"https:\/\/metinbasaranoglu.net\/wp-content\/uploads\/2020\/04\/PHOTO-2020-04-09-12-13-55-735x1024.jpg 735w, https:\/\/metinbasaranoglu.net\/wp-content\/uploads\/2020\/04\/PHOTO-2020-04-09-12-13-55-215x300.jpg 215w, https:\/\/metinbasaranoglu.net\/wp-content\/uploads\/2020\/04\/PHOTO-2020-04-09-12-13-55-768x1070.jpg 768w, https:\/\/metinbasaranoglu.net\/wp-content\/uploads\/2020\/04\/PHOTO-2020-04-09-12-13-55-1102x1536.jpg 1102w, https:\/\/metinbasaranoglu.net\/wp-content\/uploads\/2020\/04\/PHOTO-2020-04-09-12-13-55.jpg 1148w\" sizes=\"(max-width: 735px) 100vw, 735px\" \/><\/figure><\/li><\/ul><\/figure>\n\n\n\n<figure class=\"wp-block-gallery columns-0 is-cropped wp-block-gallery-3 is-layout-flex wp-block-gallery-is-layout-flex\"><ul class=\"blocks-gallery-grid\"><\/ul><\/figure>\n\n\n\n<figure class=\"wp-block-gallery columns-1 is-cropped wp-block-gallery-4 is-layout-flex wp-block-gallery-is-layout-flex\"><ul class=\"blocks-gallery-grid\"><li class=\"blocks-gallery-item\"><figure><img loading=\"lazy\" decoding=\"async\" width=\"735\" height=\"1024\" src=\"http:\/\/metinbasaranoglu.net\/wp-content\/uploads\/2020\/04\/PHOTO-2020-04-09-12-13-56-1-735x1024.jpg\" alt=\"\" data-id=\"776\" data-full-url=\"http:\/\/metinbasaranoglu.net\/wp-content\/uploads\/2020\/04\/PHOTO-2020-04-09-12-13-56-1.jpg\" data-link=\"http:\/\/metinbasaranoglu.net\/covid-19\/photo-2020-04-09-12-13-56-1\/\" class=\"wp-image-776\" srcset=\"https:\/\/metinbasaranoglu.net\/wp-content\/uploads\/2020\/04\/PHOTO-2020-04-09-12-13-56-1-735x1024.jpg 735w, https:\/\/metinbasaranoglu.net\/wp-content\/uploads\/2020\/04\/PHOTO-2020-04-09-12-13-56-1-215x300.jpg 215w, https:\/\/metinbasaranoglu.net\/wp-content\/uploads\/2020\/04\/PHOTO-2020-04-09-12-13-56-1-768x1070.jpg 768w, https:\/\/metinbasaranoglu.net\/wp-content\/uploads\/2020\/04\/PHOTO-2020-04-09-12-13-56-1-1102x1536.jpg 1102w, https:\/\/metinbasaranoglu.net\/wp-content\/uploads\/2020\/04\/PHOTO-2020-04-09-12-13-56-1.jpg 1148w\" sizes=\"(max-width: 735px) 100vw, 735px\" \/><\/figure><\/li><\/ul><\/figure>\n\n\n\n<div class=\"wp-block-group is-layout-flow wp-block-group-is-layout-flow\"><div class=\"wp-block-group__inner-container\"><\/div><\/div>\n","protected":false},"excerpt":{"rendered":"<p>Corona vir\u00fcs ba\u011f\u0131rsaklar\u0131da tutuyor. D Vitamini Covid-19 riskini azalt\u0131yor mu? COV\u0130D-19 G\u00fcnlerinde endoskopi i\u015flemleri nas\u0131l olmal\u0131 ?<\/p>\n","protected":false},"author":3,"featured_media":0,"parent":0,"menu_order":0,"comment_status":"closed","ping_status":"closed","template":"","meta":{"footnotes":""},"_links":{"self":[{"href":"https:\/\/metinbasaranoglu.net\/en\/wp-json\/wp\/v2\/pages\/768"}],"collection":[{"href":"https:\/\/metinbasaranoglu.net\/en\/wp-json\/wp\/v2\/pages"}],"about":[{"href":"https:\/\/metinbasaranoglu.net\/en\/wp-json\/wp\/v2\/types\/page"}],"author":[{"embeddable":true,"href":"https:\/\/metinbasaranoglu.net\/en\/wp-json\/wp\/v2\/users\/3"}],"replies":[{"embeddable":true,"href":"https:\/\/metinbasaranoglu.net\/en\/wp-json\/wp\/v2\/comments?post=768"}],"version-history":[{"count":33,"href":"https:\/\/metinbasaranoglu.net\/en\/wp-json\/wp\/v2\/pages\/768\/revisions"}],"predecessor-version":[{"id":846,"href":"https:\/\/metinbasaranoglu.net\/en\/wp-json\/wp\/v2\/pages\/768\/revisions\/846"}],"wp:attachment":[{"href":"https:\/\/metinbasaranoglu.net\/en\/wp-json\/wp\/v2\/media?parent=768"}],"curies":[{"name":"wp","href":"https:\/\/api.w.org\/{rel}","templated":true}]}}