{"id":2,"date":"2018-01-19T16:45:40","date_gmt":"2018-01-19T13:45:40","guid":{"rendered":"http:\/\/metinbasaranoglu.net\/?page_id=2"},"modified":"2020-07-12T23:11:09","modified_gmt":"2020-07-12T20:11:09","slug":"karacigerimizi-ve-fruktoz-surubundan-neden-korumaliyiz","status":"publish","type":"page","link":"https:\/\/metinbasaranoglu.net\/en\/","title":{"rendered":"Kitaplar"},"content":{"rendered":"<p><\/p>\n<figure id=\"attachment_26\" aria-describedby=\"caption-attachment-26\" style=\"width: 307px\" class=\"wp-caption alignleft\"><a href=\"http:\/\/www.alfayayinlari.com\/kitap.php?id=358903\" target=\"_blank\" rel=\"http:\/\/www.alfayayinlari.com\/kitap.php?id=358903 noopener noreferrer\"><img loading=\"lazy\" decoding=\"async\" class=\"wp-image-26 size-full\" src=\"http:\/\/metinbasaranoglu.net\/wp-content\/uploads\/2018\/01\/image2.jpeg\" alt=\"\" width=\"307\" height=\"478\" \/><\/a><figcaption id=\"caption-attachment-26\" class=\"wp-caption-text\">Kitab\u0131m\u0131za Ula\u015fmak i\u00e7in G\u00f6rseli T\u0131klay\u0131n..<\/figcaption><\/figure>\n<h3>Karaci\u011ferimizi Fruktoz \u015eurubundan Neden Korumal\u0131y\u0131z?<br \/>\nYa\u011fl\u0131 Karaci\u011fer ve \u015ei\u015fman Sirozu<\/h3>\n<p>Metin Ba\u015farano\u011flu bu \u00e7ok \u00f6nemli \u00e7al\u0131\u015fmas\u0131yla asl\u0131nda psikolojik, sosyolojik ve antropolojik nedenleri olan ve gelecek y\u00fczy\u0131llarda insanl\u0131\u011f\u0131n \u00e7\u00f6k\u00fc\u015f\u00fcn\u00fc ba\u015flatabilecek \u00f6nemde bir hastal\u0131\u011f\u0131 tan\u0131ml\u0131yor ve g\u00fcn y\u00fcz\u00fcne \u00e7\u0131kar\u0131yor.<br \/>\n\u0130htiyac\u0131 olan enerjiden daha fazlas\u0131n\u0131 t\u00fcketmek ve bu t\u00fcketimini insan do\u011fas\u0131na uygun olmayan kaynaklardan sa\u011flamak, insanl\u0131\u011f\u0131 metabolik sendrom denen yeni bir olguyla kar\u015f\u0131 kar\u015f\u0131ya getirdi. Bel \u00e7evresi kal\u0131n, tansiyonu y\u00fcksek, kan ya\u011flar\u0131 bozuk, kan \u015fekeri y\u00fcksek kardiyometabolik riskleri y\u00fcksek olan bu insanlar sonu\u00e7ta Ba\u015farano\u011flu\u2019nun tan\u0131mlad\u0131\u011f\u0131 \u015ei\u015fman Sirozu adaylar\u0131 oluyor.<br \/>\nBiyolojik \u00e7e\u015fitlili\u011fin azalmas\u0131, iklimin olumsuz de\u011fi\u015fikli\u011fi, n\u00fcfus art\u0131\u015f\u0131, adaletsiz payla\u015f\u0131m ve insan do\u011fas\u0131na ayk\u0131r\u0131 ya\u015fam tarzlar\u0131 art\u0131k t\u00fcm d\u00fcnyay\u0131 ayn\u0131 derecede ilgilendirmektedir. Birle\u015fmi\u015f Milletler G\u0131da ve Tar\u0131m \u00d6rg\u00fct\u00fcn\u00fcn (FAO) verilerine g\u00f6re d\u00fcnya \u00fczerinde 300.000\u2019e yak\u0131n yenilebilir bitki \u00e7e\u015fidi bulunurken Amerikan Bitki Bilim Toplulu\u011funun verilerine g\u00f6re t\u00fcm d\u00fcnyadaki g\u0131da ihtiyac\u0131n\u0131n yakla\u015f\u0131k %95\u2019i yaln\u0131zca 30 kadar farkl\u0131 bitki \u00fcr\u00fcnden elde edilmektedir.<br \/>\nDi\u011fer yandan yakla\u015f\u0131k 1 milyar insan ihtiyac\u0131 olan enerjiyi temin edemedi\u011fi i\u00e7in a\u00e7l\u0131k \u00e7ekerken ondan daha fazla insan \u015fi\u015fmanl\u0131\u011f\u0131n olu\u015fturdu\u011fu hastal\u0131klarla bo\u011fu\u015fmaktad\u0131r. \u0130\u015fin ironik yan\u0131 ise y\u0131ll\u0131k \u00fcretilen 4 milyar ton g\u0131dan\u0131n 1,3 milyar tonunun hi\u00e7 t\u00fcketilmeden \u00e7\u00f6pe at\u0131lmas\u0131d\u0131r.<br \/>\nS\u0131n\u0131f arkada\u015f\u0131m de\u011ferli bilim insan\u0131 Metin Ba\u015farano\u011flu\u2019nu bu \u00f6nemli ba\u015far\u0131s\u0131 i\u00e7in kutluyor, insanl\u0131\u011f\u0131n gelece\u011fine olumlu katk\u0131lar yapmas\u0131n\u0131 diliyorum.<\/p>\n<p><strong>Dr. Kerem K\u0131n\u0131k<\/strong><br \/>\n<strong> K\u0131z\u0131lay Genel Ba\u015fkan\u0131<\/strong><\/p>\n<figure id=\"attachment_64\" aria-describedby=\"caption-attachment-64\" style=\"width: 312px\" class=\"wp-caption alignleft\"><a href=\"https:\/\/www.amazon.com\/Pathophysiology-Nonalcoholic-Steatohepatitis-Basaranoglu-2009-05-13\/dp\/B01K92K2O2\/ref=sr_1_2?ie=UTF8&amp;qid=1516375631&amp;sr=8-2&amp;keywords=metin+ba%C5%9Farano%C4%9Flu\"><img loading=\"lazy\" decoding=\"async\" class=\"wp-image-64 size-full\" src=\"http:\/\/metinbasaranoglu.net\/wp-content\/uploads\/2018\/01\/image1.jpeg\" alt=\"\" width=\"312\" height=\"471\" srcset=\"https:\/\/metinbasaranoglu.net\/wp-content\/uploads\/2018\/01\/image1.jpeg 312w, https:\/\/metinbasaranoglu.net\/wp-content\/uploads\/2018\/01\/image1-199x300.jpeg 199w\" sizes=\"(max-width: 312px) 100vw, 312px\" \/><\/a><figcaption id=\"caption-attachment-64\" class=\"wp-caption-text\">Kitab\u0131m\u0131za Ula\u015fmak i\u00e7in G\u00f6rseli T\u0131klay\u0131n..<\/figcaption><\/figure>\n<figure id=\"attachment_69\" aria-describedby=\"caption-attachment-69\" style=\"width: 312px\" class=\"wp-caption alignleft\"><img loading=\"lazy\" decoding=\"async\" class=\"wp-image-69\" src=\"http:\/\/metinbasaranoglu.net\/wp-content\/uploads\/2018\/01\/kitap.jpg\" alt=\"\" width=\"312\" height=\"479\" srcset=\"https:\/\/metinbasaranoglu.net\/wp-content\/uploads\/2018\/01\/kitap.jpg 457w, https:\/\/metinbasaranoglu.net\/wp-content\/uploads\/2018\/01\/kitap-196x300.jpg 196w\" sizes=\"(max-width: 312px) 100vw, 312px\" \/><figcaption id=\"caption-attachment-69\" class=\"wp-caption-text\">Kitab\u0131m\u0131za Ula\u015fmak i\u00e7in G\u00f6rseli T\u0131klay\u0131n..<\/figcaption><\/figure>\n<p><\/p>","protected":false},"excerpt":{"rendered":"<p>Karaci\u011ferimizi Fruktoz \u015eurubundan Neden Korumal\u0131y\u0131z? Ya\u011fl\u0131 Karaci\u011fer ve \u015ei\u015fman Sirozu Metin Ba\u015farano\u011flu bu \u00e7ok \u00f6nemli \u00e7al\u0131\u015fmas\u0131yla asl\u0131nda psikolojik, sosyolojik ve antropolojik nedenleri olan ve gelecek y\u00fczy\u0131llarda insanl\u0131\u011f\u0131n \u00e7\u00f6k\u00fc\u015f\u00fcn\u00fc ba\u015flatabilecek \u00f6nemde bir hastal\u0131\u011f\u0131 tan\u0131ml\u0131yor ve g\u00fcn y\u00fcz\u00fcne \u00e7\u0131kar\u0131yor. \u0130htiyac\u0131 olan enerjiden daha fazlas\u0131n\u0131 t\u00fcketmek ve bu t\u00fcketimini insan do\u011fas\u0131na uygun olmayan kaynaklardan sa\u011flamak, insanl\u0131\u011f\u0131 metabolik sendrom&hellip;<\/p>\n","protected":false},"author":1,"featured_media":0,"parent":0,"menu_order":0,"comment_status":"closed","ping_status":"closed","template":"","meta":{"footnotes":""},"_links":{"self":[{"href":"https:\/\/metinbasaranoglu.net\/en\/wp-json\/wp\/v2\/pages\/2"}],"collection":[{"href":"https:\/\/metinbasaranoglu.net\/en\/wp-json\/wp\/v2\/pages"}],"about":[{"href":"https:\/\/metinbasaranoglu.net\/en\/wp-json\/wp\/v2\/types\/page"}],"author":[{"embeddable":true,"href":"https:\/\/metinbasaranoglu.net\/en\/wp-json\/wp\/v2\/users\/1"}],"replies":[{"embeddable":true,"href":"https:\/\/metinbasaranoglu.net\/en\/wp-json\/wp\/v2\/comments?post=2"}],"version-history":[{"count":77,"href":"https:\/\/metinbasaranoglu.net\/en\/wp-json\/wp\/v2\/pages\/2\/revisions"}],"predecessor-version":[{"id":937,"href":"https:\/\/metinbasaranoglu.net\/en\/wp-json\/wp\/v2\/pages\/2\/revisions\/937"}],"wp:attachment":[{"href":"https:\/\/metinbasaranoglu.net\/en\/wp-json\/wp\/v2\/media?parent=2"}],"curies":[{"name":"wp","href":"https:\/\/api.w.org\/{rel}","templated":true}]}}